{"id":1254,"date":"2023-12-19T21:05:29","date_gmt":"2023-12-19T21:05:29","guid":{"rendered":"https:\/\/verityseguros.com\/?page_id=1254"},"modified":"2023-12-20T02:30:59","modified_gmt":"2023-12-20T02:30:59","slug":"emermedica-y-otras-polizas","status":"publish","type":"page","link":"https:\/\/verityseguros.com\/index.php\/emermedica-y-otras-polizas\/","title":{"rendered":"Emerm\u00e9dica y otras p\u00f3lizas"},"content":{"rendered":"\t\t<div data-elementor-type=\"wp-page\" data-elementor-id=\"1254\" class=\"elementor elementor-1254\" data-elementor-post-type=\"page\">\n\t\t\t\t<div class=\"elementor-element elementor-element-f675ddb e-flex e-con-boxed e-con e-parent\" data-id=\"f675ddb\" data-element_type=\"container\" data-e-type=\"container\" id=\"emermedica\">\n\t\t\t\t\t<div class=\"e-con-inner\">\n\t\t<div class=\"elementor-element elementor-element-679555f e-flex e-con-boxed e-con e-child\" data-id=\"679555f\" data-element_type=\"container\" data-e-type=\"container\">\n\t\t\t\t\t<div class=\"e-con-inner\">\n\t\t<div class=\"elementor-element elementor-element-9318857 e-con-full e-flex e-con e-child\" data-id=\"9318857\" data-element_type=\"container\" data-e-type=\"container\">\n\t\t<div class=\"elementor-element elementor-element-0560ea1 e-con-full e-flex e-con e-child\" data-id=\"0560ea1\" data-element_type=\"container\" data-e-type=\"container\">\n\t\t<div class=\"elementor-element elementor-element-9cc91e1 e-con-full elementor-hidden-desktop elementor-hidden-tablet elementor-hidden-mobile e-flex e-con e-child\" data-id=\"9cc91e1\" data-element_type=\"container\" data-e-type=\"container\">\n\t\t\t\t<div class=\"elementor-element elementor-element-448307b elementor-hidden-desktop elementor-hidden-tablet elementor-widget elementor-widget-image\" data-id=\"448307b\" data-element_type=\"widget\" data-e-type=\"widget\" data-widget_type=\"image.default\">\n\t\t\t\t<div class=\"elementor-widget-container\">\n\t\t\t\t\t\t\t\t\t\t\t\t\t\t\t<img fetchpriority=\"high\" decoding=\"async\" width=\"800\" height=\"800\" src=\"https:\/\/verityseguros.com\/wp-content\/uploads\/2023\/12\/Plan-Original.jpg\" class=\"attachment-large size-large wp-image-1001\" alt=\"Plan original de medicina prepagada de AXA COLPATRIA\" srcset=\"https:\/\/verityseguros.com\/wp-content\/uploads\/2023\/12\/Plan-Original.jpg 1000w, https:\/\/verityseguros.com\/wp-content\/uploads\/2023\/12\/Plan-Original-300x300.jpg 300w, https:\/\/verityseguros.com\/wp-content\/uploads\/2023\/12\/Plan-Original-150x150.jpg 150w, https:\/\/verityseguros.com\/wp-content\/uploads\/2023\/12\/Plan-Original-768x768.jpg 768w\" sizes=\"(max-width: 800px) 100vw, 800px\" \/>\t\t\t\t\t\t\t\t\t\t\t\t\t\t\t<\/div>\n\t\t\t\t<\/div>\n\t\t\t\t<\/div>\n\t\t\t\t<div class=\"elementor-element elementor-element-8e14f6a elementor-widget elementor-widget-heading\" data-id=\"8e14f6a\" data-element_type=\"widget\" data-e-type=\"widget\" data-widget_type=\"heading.default\">\n\t\t\t\t<div class=\"elementor-widget-container\">\n\t\t\t\t\t<h2 class=\"elementor-heading-title elementor-size-default\"> <b>Emermedica<\/b>\n\n<\/h2>\t\t\t\t<\/div>\n\t\t\t\t<\/div>\n\t\t\t\t<div class=\"elementor-element elementor-element-7582e97 elementor-widget__width-inherit elementor-widget elementor-widget-text-editor\" data-id=\"7582e97\" data-element_type=\"widget\" data-e-type=\"widget\" data-widget_type=\"text-editor.default\">\n\t\t\t\t<div class=\"elementor-widget-container\">\n\t\t\t\t\t\t\t\t\t<p>Recive un servicio de salud VIP sin salir de casa, con nuestro plan de salud EMRMEDICA, recibir\u00e1s una cobertura ambulatoria con la cual estar\u00e1s protegido todo el tiempo.<\/p>\t\t\t\t\t\t\t\t<\/div>\n\t\t\t\t<\/div>\n\t\t\t\t<div class=\"elementor-element elementor-element-fdb3fc2 elementor-widget elementor-widget-image\" data-id=\"fdb3fc2\" data-element_type=\"widget\" data-e-type=\"widget\" data-widget_type=\"image.default\">\n\t\t\t\t<div class=\"elementor-widget-container\">\n\t\t\t\t\t\t\t\t\t\t\t\t\t\t\t<img decoding=\"async\" width=\"300\" height=\"154\" src=\"https:\/\/verityseguros.com\/wp-content\/uploads\/2023\/12\/Logo-emermedica.png\" class=\"attachment-large size-large wp-image-67\" alt=\"Emerm\u00e9dica, tu Plan de Salud en casa. Aliado de Verity Seguros\" \/>\t\t\t\t\t\t\t\t\t\t\t\t\t\t\t<\/div>\n\t\t\t\t<\/div>\n\t\t\t\t<div class=\"elementor-element elementor-element-ed51802 elementor-widget__width-inherit elementor-widget elementor-widget-toggle\" data-id=\"ed51802\" data-element_type=\"widget\" data-e-type=\"widget\" data-widget_type=\"toggle.default\">\n\t\t\t\t<div class=\"elementor-widget-container\">\n\t\t\t\t\t\t\t<div class=\"elementor-toggle\">\n\t\t\t\t\t\t\t<div class=\"elementor-toggle-item\">\n\t\t\t\t\t<h6 id=\"elementor-tab-title-2481\" class=\"elementor-tab-title\" data-tab=\"1\" role=\"button\" aria-controls=\"elementor-tab-content-2481\" aria-expanded=\"false\">\n\t\t\t\t\t\t\t\t\t\t\t\t<span class=\"elementor-toggle-icon elementor-toggle-icon-right\" aria-hidden=\"true\">\n\t\t\t\t\t\t\t\t\t\t\t\t\t\t\t<span class=\"elementor-toggle-icon-closed\"><svg class=\"e-font-icon-svg e-fas-chevron-down\" viewBox=\"0 0 448 512\" xmlns=\"http:\/\/www.w3.org\/2000\/svg\"><path d=\"M207.029 381.476L12.686 187.132c-9.373-9.373-9.373-24.569 0-33.941l22.667-22.667c9.357-9.357 24.522-9.375 33.901-.04L224 284.505l154.745-154.021c9.379-9.335 24.544-9.317 33.901.04l22.667 22.667c9.373 9.373 9.373 24.569 0 33.941L240.971 381.476c-9.373 9.372-24.569 9.372-33.942 0z\"><\/path><\/svg><\/span>\n\t\t\t\t\t\t\t\t<span class=\"elementor-toggle-icon-opened\"><\/span>\n\t\t\t\t\t\t\t\t\t\t\t\t\t<\/span>\n\t\t\t\t\t\t\t\t\t\t\t\t<a class=\"elementor-toggle-title\" tabindex=\"0\">M\u00e1s beneficios<\/a>\n\t\t\t\t\t<\/h6>\n\n\t\t\t\t\t<div id=\"elementor-tab-content-2481\" class=\"elementor-tab-content elementor-clearfix\" data-tab=\"1\" role=\"region\" aria-labelledby=\"elementor-tab-title-2481\"><ul><li>Atenci\u00f3n m\u00e9dica en modalidad domiciliaria o telemedicina. 24\/7<\/li><li>Atenci\u00f3n pre-hospitalaria de urgencias. 24\/7<\/li><li>Atenci\u00f3n pre-hospitalaria de emergencias. 24\/7<\/li><li>Traslados asistidos a centros hospitalarios. 24\/7<\/li><li>Telemedicina a trav\u00e9s de Video y telef\u00f3nicamente 24\/7<\/li><li>Acceso a especialistas a tarifa preferencial<\/li><li>Toma de muestras a domicilio a tarifa preferencial<\/li><li>Servicios odontol\u00f3gicos a tarifa preferencial<\/li><\/ul><\/div>\n\t\t\t\t<\/div>\n\t\t\t\t\t\t\t\t<\/div>\n\t\t\t\t\t\t<\/div>\n\t\t\t\t<\/div>\n\t\t\t\t<\/div>\n\t\t<div class=\"elementor-element elementor-element-a223ca7 e-con-full e-flex e-con e-child\" data-id=\"a223ca7\" data-element_type=\"container\" data-e-type=\"container\">\n\t\t\t\t<div class=\"elementor-element elementor-element-98202ba elementor-widget elementor-widget-image\" data-id=\"98202ba\" data-element_type=\"widget\" data-e-type=\"widget\" data-widget_type=\"image.default\">\n\t\t\t\t<div class=\"elementor-widget-container\">\n\t\t\t\t\t\t\t\t\t\t\t\t\t\t\t<img decoding=\"async\" width=\"800\" height=\"800\" src=\"https:\/\/verityseguros.com\/wp-content\/uploads\/2023\/12\/Emermedica.jpg\" class=\"attachment-large size-large wp-image-1256\" alt=\"Medico Domiciliario Emerm\u00e9dica\" srcset=\"https:\/\/verityseguros.com\/wp-content\/uploads\/2023\/12\/Emermedica.jpg 1000w, https:\/\/verityseguros.com\/wp-content\/uploads\/2023\/12\/Emermedica-300x300.jpg 300w, https:\/\/verityseguros.com\/wp-content\/uploads\/2023\/12\/Emermedica-150x150.jpg 150w, https:\/\/verityseguros.com\/wp-content\/uploads\/2023\/12\/Emermedica-768x768.jpg 768w\" sizes=\"(max-width: 800px) 100vw, 800px\" \/>\t\t\t\t\t\t\t\t\t\t\t\t\t\t\t<\/div>\n\t\t\t\t<\/div>\n\t\t\t\t<\/div>\n\t\t\t\t<\/div>\n\t\t\t\t\t<\/div>\n\t\t\t\t<\/div>\n\t\t\t\t\t<\/div>\n\t\t\t\t<\/div>\n\t\t<div class=\"elementor-element elementor-element-223a0c3 e-flex e-con-boxed e-con e-parent\" data-id=\"223a0c3\" data-element_type=\"container\" data-e-type=\"container\" id=\"ambulatoria\">\n\t\t\t\t\t<div class=\"e-con-inner\">\n\t\t<div class=\"elementor-element elementor-element-f6bfe46 e-flex e-con-boxed e-con e-child\" data-id=\"f6bfe46\" data-element_type=\"container\" data-e-type=\"container\">\n\t\t\t\t\t<div class=\"e-con-inner\">\n\t\t<div class=\"elementor-element elementor-element-ff1b6d6 e-flex e-con-boxed e-con e-child\" data-id=\"ff1b6d6\" data-element_type=\"container\" data-e-type=\"container\">\n\t\t\t\t\t<div class=\"e-con-inner\">\n\t\t\t\t<div class=\"elementor-element elementor-element-bdd6816 elementor-widget-divider--view-line elementor-widget elementor-widget-divider\" data-id=\"bdd6816\" data-element_type=\"widget\" data-e-type=\"widget\" data-widget_type=\"divider.default\">\n\t\t\t\t<div class=\"elementor-widget-container\">\n\t\t\t\t\t\t\t<div class=\"elementor-divider\">\n\t\t\t<span class=\"elementor-divider-separator\">\n\t\t\t\t\t\t<\/span>\n\t\t<\/div>\n\t\t\t\t\t\t<\/div>\n\t\t\t\t<\/div>\n\t\t\t\t\t<\/div>\n\t\t\t\t<\/div>\n\t\t\t\t\t<\/div>\n\t\t\t\t<\/div>\n\t\t<div class=\"elementor-element elementor-element-e07544f e-flex e-con-boxed e-con e-child\" data-id=\"e07544f\" data-element_type=\"container\" data-e-type=\"container\">\n\t\t\t\t\t<div class=\"e-con-inner\">\n\t\t<div class=\"elementor-element elementor-element-26cdcfc e-flex e-con-boxed e-con e-child\" data-id=\"26cdcfc\" data-element_type=\"container\" data-e-type=\"container\">\n\t\t\t\t\t<div class=\"e-con-inner\">\n\t\t<div class=\"elementor-element elementor-element-510ba92 e-flex e-con-boxed e-con e-child\" data-id=\"510ba92\" data-element_type=\"container\" data-e-type=\"container\">\n\t\t\t\t\t<div class=\"e-con-inner\">\n\t\t<div class=\"elementor-element elementor-element-9e315fd e-con-full e-flex e-con e-child\" data-id=\"9e315fd\" data-element_type=\"container\" data-e-type=\"container\">\n\t\t\t\t<div class=\"elementor-element elementor-element-9b3f68a elementor-widget elementor-widget-image\" data-id=\"9b3f68a\" data-element_type=\"widget\" data-e-type=\"widget\" data-widget_type=\"image.default\">\n\t\t\t\t<div class=\"elementor-widget-container\">\n\t\t\t\t\t\t\t\t\t\t\t\t\t\t\t<img loading=\"lazy\" decoding=\"async\" width=\"800\" height=\"800\" src=\"https:\/\/verityseguros.com\/wp-content\/uploads\/2023\/12\/Poliza-Ambulatoria.jpg\" class=\"attachment-large size-large wp-image-1257\" alt=\"Poliza Ambulatoria AXA COLPATRIA\" srcset=\"https:\/\/verityseguros.com\/wp-content\/uploads\/2023\/12\/Poliza-Ambulatoria.jpg 1000w, https:\/\/verityseguros.com\/wp-content\/uploads\/2023\/12\/Poliza-Ambulatoria-300x300.jpg 300w, https:\/\/verityseguros.com\/wp-content\/uploads\/2023\/12\/Poliza-Ambulatoria-150x150.jpg 150w, https:\/\/verityseguros.com\/wp-content\/uploads\/2023\/12\/Poliza-Ambulatoria-768x768.jpg 768w\" sizes=\"(max-width: 800px) 100vw, 800px\" \/>\t\t\t\t\t\t\t\t\t\t\t\t\t\t\t<\/div>\n\t\t\t\t<\/div>\n\t\t\t\t<\/div>\n\t\t<div class=\"elementor-element elementor-element-b675d56 e-con-full e-flex e-con e-child\" data-id=\"b675d56\" data-element_type=\"container\" data-e-type=\"container\">\n\t\t\t\t<div class=\"elementor-element elementor-element-b7e3593 elementor-widget elementor-widget-heading\" data-id=\"b7e3593\" data-element_type=\"widget\" data-e-type=\"widget\" data-widget_type=\"heading.default\">\n\t\t\t\t<div class=\"elementor-widget-container\">\n\t\t\t\t\t<h2 class=\"elementor-heading-title elementor-size-default\">Plan <b> Ambulatorio <\/b>\n\n<\/h2>\t\t\t\t<\/div>\n\t\t\t\t<\/div>\n\t\t\t\t<div class=\"elementor-element elementor-element-0ccbd81 elementor-widget elementor-widget-text-editor\" data-id=\"0ccbd81\" data-element_type=\"widget\" data-e-type=\"widget\" data-widget_type=\"text-editor.default\">\n\t\t\t\t<div class=\"elementor-widget-container\">\n\t\t\t\t\t\t\t\t\t<p>Una p\u00f3liza liviana que te brindar\u00e1 agilidad con acceso directo a especialistas, servicio de ambulancia y m\u00e1s beneficios de salud VIP<\/p>\t\t\t\t\t\t\t\t<\/div>\n\t\t\t\t<\/div>\n\t\t\t\t<div class=\"elementor-element elementor-element-aa6c6c4 elementor-widget elementor-widget-image\" data-id=\"aa6c6c4\" data-element_type=\"widget\" data-e-type=\"widget\" data-widget_type=\"image.default\">\n\t\t\t\t<div class=\"elementor-widget-container\">\n\t\t\t\t\t\t\t\t\t\t\t\t\t\t\t<img loading=\"lazy\" decoding=\"async\" width=\"298\" height=\"150\" src=\"https:\/\/verityseguros.com\/wp-content\/uploads\/2023\/12\/Logo-AXA-COLPATRIA.png\" class=\"attachment-large size-large wp-image-66\" alt=\"Medicina prepagada | P\u00f3liza de salud AXA COLPATRIA COLPATRIA\" \/>\t\t\t\t\t\t\t\t\t\t\t\t\t\t\t<\/div>\n\t\t\t\t<\/div>\n\t\t\t\t<div class=\"elementor-element elementor-element-1e06ef4 elementor-widget__width-inherit elementor-widget elementor-widget-toggle\" data-id=\"1e06ef4\" data-element_type=\"widget\" data-e-type=\"widget\" data-widget_type=\"toggle.default\">\n\t\t\t\t<div class=\"elementor-widget-container\">\n\t\t\t\t\t\t\t<div class=\"elementor-toggle\">\n\t\t\t\t\t\t\t<div class=\"elementor-toggle-item\">\n\t\t\t\t\t<h6 id=\"elementor-tab-title-3141\" class=\"elementor-tab-title\" data-tab=\"1\" role=\"button\" aria-controls=\"elementor-tab-content-3141\" aria-expanded=\"false\">\n\t\t\t\t\t\t\t\t\t\t\t\t<span class=\"elementor-toggle-icon elementor-toggle-icon-right\" aria-hidden=\"true\">\n\t\t\t\t\t\t\t\t\t\t\t\t\t\t\t<span class=\"elementor-toggle-icon-closed\"><svg class=\"e-font-icon-svg e-fas-chevron-down\" viewBox=\"0 0 448 512\" xmlns=\"http:\/\/www.w3.org\/2000\/svg\"><path d=\"M207.029 381.476L12.686 187.132c-9.373-9.373-9.373-24.569 0-33.941l22.667-22.667c9.357-9.357 24.522-9.375 33.901-.04L224 284.505l154.745-154.021c9.379-9.335 24.544-9.317 33.901.04l22.667 22.667c9.373 9.373 9.373 24.569 0 33.941L240.971 381.476c-9.373 9.372-24.569 9.372-33.942 0z\"><\/path><\/svg><\/span>\n\t\t\t\t\t\t\t\t<span class=\"elementor-toggle-icon-opened\"><\/span>\n\t\t\t\t\t\t\t\t\t\t\t\t\t<\/span>\n\t\t\t\t\t\t\t\t\t\t\t\t<a class=\"elementor-toggle-title\" tabindex=\"0\">M\u00e1s beneficios<\/a>\n\t\t\t\t\t<\/h6>\n\n\t\t\t\t\t<div id=\"elementor-tab-content-3141\" class=\"elementor-tab-content elementor-clearfix\" data-tab=\"1\" role=\"region\" aria-labelledby=\"elementor-tab-title-3141\"><ul><li>Consulta por medicina general y especializada.<\/li><li>Consulta m\u00e9dica domiciliaria por medicina general.<\/li><li>Orientaci\u00f3n m\u00e9dica telef\u00f3nica.<\/li><li>Traslado en ambulancia a instituciones hospitalarias.<\/li><li>Ex\u00e1menes de laboratorio cl\u00ednico que sean tomados y\/o procesados en Colombia.<\/li><li>Radiograf\u00edas y ecograf\u00edas simples.<\/li><li>Ex\u00e1menes especializados de diagn\u00f3stico.<\/li><li>Ex\u00e1menes de laboratorio y ecograf\u00edas relacionadas con la maternidad.<\/li><li>Terapia respiratoria, ocupacional, del lenguaje y fisioterapia.<\/li><li>Servicios en odontolog\u00eda<\/li><li>Transporte para asistencia a consultas m\u00e9dicas.<\/li><li>Renta diaria por hospitalizaci\u00f3n.<\/li><\/ul><\/div>\n\t\t\t\t<\/div>\n\t\t\t\t\t\t\t\t<\/div>\n\t\t\t\t\t\t<\/div>\n\t\t\t\t<\/div>\n\t\t\t\t<\/div>\n\t\t\t\t\t<\/div>\n\t\t\t\t<\/div>\n\t\t\t\t\t<\/div>\n\t\t\t\t<\/div>\n\t\t\t\t\t<\/div>\n\t\t\t\t<\/div>\n\t\t\t\t\t<\/div>\n\t\t\t\t<\/div>\n\t\t<div class=\"elementor-element elementor-element-1a60677 e-flex e-con-boxed e-con e-parent\" data-id=\"1a60677\" data-element_type=\"container\" data-e-type=\"container\" id=\"plandental\">\n\t\t\t\t\t<div class=\"e-con-inner\">\n\t\t<div class=\"elementor-element elementor-element-8c68ca3 e-flex e-con-boxed e-con e-child\" data-id=\"8c68ca3\" data-element_type=\"container\" data-e-type=\"container\">\n\t\t\t\t\t<div class=\"e-con-inner\">\n\t\t<div class=\"elementor-element elementor-element-baa843d e-flex e-con-boxed e-con e-child\" data-id=\"baa843d\" data-element_type=\"container\" data-e-type=\"container\">\n\t\t\t\t\t<div class=\"e-con-inner\">\n\t\t<div class=\"elementor-element elementor-element-b76d53d e-flex e-con-boxed e-con e-child\" data-id=\"b76d53d\" data-element_type=\"container\" data-e-type=\"container\">\n\t\t\t\t\t<div class=\"e-con-inner\">\n\t\t\t\t<div class=\"elementor-element elementor-element-0300f41 elementor-widget-divider--view-line elementor-widget elementor-widget-divider\" data-id=\"0300f41\" data-element_type=\"widget\" data-e-type=\"widget\" data-widget_type=\"divider.default\">\n\t\t\t\t<div class=\"elementor-widget-container\">\n\t\t\t\t\t\t\t<div class=\"elementor-divider\">\n\t\t\t<span class=\"elementor-divider-separator\">\n\t\t\t\t\t\t<\/span>\n\t\t<\/div>\n\t\t\t\t\t\t<\/div>\n\t\t\t\t<\/div>\n\t\t\t\t\t<\/div>\n\t\t\t\t<\/div>\n\t\t<div class=\"elementor-element elementor-element-99c5ec5 e-con-full e-flex e-con e-child\" data-id=\"99c5ec5\" data-element_type=\"container\" data-e-type=\"container\">\n\t\t<div class=\"elementor-element elementor-element-21301b7 e-con-full e-flex e-con e-child\" data-id=\"21301b7\" data-element_type=\"container\" data-e-type=\"container\">\n\t\t<div class=\"elementor-element elementor-element-8e11206 e-con-full elementor-hidden-desktop elementor-hidden-tablet elementor-hidden-mobile e-flex e-con e-child\" data-id=\"8e11206\" data-element_type=\"container\" data-e-type=\"container\">\n\t\t\t\t<div class=\"elementor-element elementor-element-7c47a7a elementor-hidden-desktop elementor-hidden-tablet elementor-widget elementor-widget-image\" data-id=\"7c47a7a\" data-element_type=\"widget\" data-e-type=\"widget\" data-widget_type=\"image.default\">\n\t\t\t\t<div class=\"elementor-widget-container\">\n\t\t\t\t\t\t\t\t\t\t\t\t\t\t\t<img fetchpriority=\"high\" decoding=\"async\" width=\"800\" height=\"800\" src=\"https:\/\/verityseguros.com\/wp-content\/uploads\/2023\/12\/Plan-Original.jpg\" class=\"attachment-large size-large wp-image-1001\" alt=\"Plan original de medicina prepagada de AXA COLPATRIA\" srcset=\"https:\/\/verityseguros.com\/wp-content\/uploads\/2023\/12\/Plan-Original.jpg 1000w, https:\/\/verityseguros.com\/wp-content\/uploads\/2023\/12\/Plan-Original-300x300.jpg 300w, https:\/\/verityseguros.com\/wp-content\/uploads\/2023\/12\/Plan-Original-150x150.jpg 150w, https:\/\/verityseguros.com\/wp-content\/uploads\/2023\/12\/Plan-Original-768x768.jpg 768w\" sizes=\"(max-width: 800px) 100vw, 800px\" \/>\t\t\t\t\t\t\t\t\t\t\t\t\t\t\t<\/div>\n\t\t\t\t<\/div>\n\t\t\t\t<\/div>\n\t\t\t\t<div class=\"elementor-element elementor-element-04d6f5e elementor-widget elementor-widget-heading\" data-id=\"04d6f5e\" data-element_type=\"widget\" data-e-type=\"widget\" data-widget_type=\"heading.default\">\n\t\t\t\t<div class=\"elementor-widget-container\">\n\t\t\t\t\t<h2 class=\"elementor-heading-title elementor-size-default\">Plan  <b>Dental<\/b>\n\n<\/h2>\t\t\t\t<\/div>\n\t\t\t\t<\/div>\n\t\t\t\t<div class=\"elementor-element elementor-element-d27829b elementor-widget elementor-widget-image\" data-id=\"d27829b\" data-element_type=\"widget\" data-e-type=\"widget\" data-widget_type=\"image.default\">\n\t\t\t\t<div class=\"elementor-widget-container\">\n\t\t\t\t\t\t\t\t\t\t\t\t\t\t\t<img loading=\"lazy\" decoding=\"async\" width=\"298\" height=\"150\" src=\"https:\/\/verityseguros.com\/wp-content\/uploads\/2023\/12\/Logo-AXA-COLPATRIA.png\" class=\"attachment-large size-large wp-image-66\" alt=\"Medicina prepagada | P\u00f3liza de salud AXA COLPATRIA COLPATRIA\" \/>\t\t\t\t\t\t\t\t\t\t\t\t\t\t\t<\/div>\n\t\t\t\t<\/div>\n\t\t\t\t<div class=\"elementor-element elementor-element-605a703 elementor-widget__width-inherit elementor-widget elementor-widget-text-editor\" data-id=\"605a703\" data-element_type=\"widget\" data-e-type=\"widget\" data-widget_type=\"text-editor.default\">\n\t\t\t\t<div class=\"elementor-widget-container\">\n\t\t\t\t\t\t\t\t\t<p>En Verity Seguros, nos comprometemos con la salud y el bienestar de tu sonrisa. Nuestra cobertura odontol\u00f3gica integral te brinda acceso a una amplia red de consultorios y cl\u00ednicas dentales en todo el pa\u00eds, asegurando que recibas siempre la mejor atenci\u00f3n, sin importar d\u00f3nde est\u00e9s.<\/p>\t\t\t\t\t\t\t\t<\/div>\n\t\t\t\t<\/div>\n\t\t\t\t<div class=\"elementor-element elementor-element-6d4f0c1 elementor-widget__width-inherit elementor-widget elementor-widget-toggle\" data-id=\"6d4f0c1\" data-element_type=\"widget\" data-e-type=\"widget\" data-widget_type=\"toggle.default\">\n\t\t\t\t<div class=\"elementor-widget-container\">\n\t\t\t\t\t\t\t<div class=\"elementor-toggle\">\n\t\t\t\t\t\t\t<div class=\"elementor-toggle-item\">\n\t\t\t\t\t<h6 id=\"elementor-tab-title-1141\" class=\"elementor-tab-title\" data-tab=\"1\" role=\"button\" aria-controls=\"elementor-tab-content-1141\" aria-expanded=\"false\">\n\t\t\t\t\t\t\t\t\t\t\t\t<span class=\"elementor-toggle-icon elementor-toggle-icon-right\" aria-hidden=\"true\">\n\t\t\t\t\t\t\t\t\t\t\t\t\t\t\t<span class=\"elementor-toggle-icon-closed\"><svg class=\"e-font-icon-svg e-fas-chevron-down\" viewBox=\"0 0 448 512\" xmlns=\"http:\/\/www.w3.org\/2000\/svg\"><path d=\"M207.029 381.476L12.686 187.132c-9.373-9.373-9.373-24.569 0-33.941l22.667-22.667c9.357-9.357 24.522-9.375 33.901-.04L224 284.505l154.745-154.021c9.379-9.335 24.544-9.317 33.901.04l22.667 22.667c9.373 9.373 9.373 24.569 0 33.941L240.971 381.476c-9.373 9.372-24.569 9.372-33.942 0z\"><\/path><\/svg><\/span>\n\t\t\t\t\t\t\t\t<span class=\"elementor-toggle-icon-opened\"><\/span>\n\t\t\t\t\t\t\t\t\t\t\t\t\t<\/span>\n\t\t\t\t\t\t\t\t\t\t\t\t<a class=\"elementor-toggle-title\" tabindex=\"0\">M\u00e1s beneficios<\/a>\n\t\t\t\t\t<\/h6>\n\n\t\t\t\t\t<div id=\"elementor-tab-content-1141\" class=\"elementor-tab-content elementor-clearfix\" data-tab=\"1\" role=\"region\" aria-labelledby=\"elementor-tab-title-1141\"><ul><li>Acceso a servicios integrales de odontolog\u00eda en una red estrat\u00e9gica de consultorios e IPS a nivel nacional<\/li><li>Cobertura en las diferentes especialidades odontol\u00f3gicas.<\/li><li>L\u00ednea de orientaci\u00f3n odontol\u00f3gica telef\u00f3nica las 24 horas.<\/li><li>Ex\u00e1menes cl\u00ednicos, de diagn\u00f3stico, plan de tratamiento y acceso a consulta con especialista.<\/li><li>Urgencia odontol\u00f3gica.<\/li><li>Radiolog\u00eda.<\/li><li>Promoci\u00f3n y prevenci\u00f3n.<\/li><li>Cirug\u00eda oral.<\/li><li>Operatoria: procedimientos y medidas terap\u00e9uticas.<\/li><li>Odontopediatr\u00eda.<\/li><li>Rehabilitaci\u00f3n oral.<\/li><li>Ortopedia y ortodoncia.<\/li><\/ul><\/div>\n\t\t\t\t<\/div>\n\t\t\t\t\t\t\t\t<\/div>\n\t\t\t\t\t\t<\/div>\n\t\t\t\t<\/div>\n\t\t\t\t<\/div>\n\t\t<div class=\"elementor-element elementor-element-3b6a526 e-con-full e-flex e-con e-child\" data-id=\"3b6a526\" data-element_type=\"container\" data-e-type=\"container\">\n\t\t\t\t<div class=\"elementor-element elementor-element-0568b4a elementor-widget elementor-widget-image\" data-id=\"0568b4a\" data-element_type=\"widget\" data-e-type=\"widget\" data-widget_type=\"image.default\">\n\t\t\t\t<div class=\"elementor-widget-container\">\n\t\t\t\t\t\t\t\t\t\t\t\t\t\t\t<img loading=\"lazy\" decoding=\"async\" width=\"800\" height=\"800\" src=\"https:\/\/verityseguros.com\/wp-content\/uploads\/2023\/12\/Plan-Dental.jpg\" class=\"attachment-large size-large wp-image-1306\" alt=\"Plan Dental\" srcset=\"https:\/\/verityseguros.com\/wp-content\/uploads\/2023\/12\/Plan-Dental.jpg 1000w, https:\/\/verityseguros.com\/wp-content\/uploads\/2023\/12\/Plan-Dental-300x300.jpg 300w, https:\/\/verityseguros.com\/wp-content\/uploads\/2023\/12\/Plan-Dental-150x150.jpg 150w, https:\/\/verityseguros.com\/wp-content\/uploads\/2023\/12\/Plan-Dental-768x768.jpg 768w\" sizes=\"(max-width: 800px) 100vw, 800px\" \/>\t\t\t\t\t\t\t\t\t\t\t\t\t\t\t<\/div>\n\t\t\t\t<\/div>\n\t\t\t\t<\/div>\n\t\t\t\t<\/div>\n\t\t\t\t\t<\/div>\n\t\t\t\t<\/div>\n\t\t\t\t\t<\/div>\n\t\t\t\t<\/div>\n\t\t\t\t\t<\/div>\n\t\t\t\t<\/div>\n\t\t\t\t<\/div>\n\t\t","protected":false},"excerpt":{"rendered":"<p>Con Verity seguros podr\u00e1s acceder a medico domiciliario, ambulancia y acceso directo a especiliastas<\/p>\n","protected":false},"author":1,"featured_media":1257,"parent":0,"menu_order":0,"comment_status":"closed","ping_status":"closed","template":"","meta":{"_monsterinsights_skip_tracking":false,"_monsterinsights_sitenote_active":false,"_monsterinsights_sitenote_note":"","_monsterinsights_sitenote_category":0,"footnotes":""},"class_list":["post-1254","page","type-page","status-publish","has-post-thumbnail","hentry"],"aioseo_notices":[],"_links":{"self":[{"href":"https:\/\/verityseguros.com\/index.php\/wp-json\/wp\/v2\/pages\/1254","targetHints":{"allow":["GET"]}}],"collection":[{"href":"https:\/\/verityseguros.com\/index.php\/wp-json\/wp\/v2\/pages"}],"about":[{"href":"https:\/\/verityseguros.com\/index.php\/wp-json\/wp\/v2\/types\/page"}],"author":[{"embeddable":true,"href":"https:\/\/verityseguros.com\/index.php\/wp-json\/wp\/v2\/users\/1"}],"replies":[{"embeddable":true,"href":"https:\/\/verityseguros.com\/index.php\/wp-json\/wp\/v2\/comments?post=1254"}],"version-history":[{"count":127,"href":"https:\/\/verityseguros.com\/index.php\/wp-json\/wp\/v2\/pages\/1254\/revisions"}],"predecessor-version":[{"id":1780,"href":"https:\/\/verityseguros.com\/index.php\/wp-json\/wp\/v2\/pages\/1254\/revisions\/1780"}],"wp:featuredmedia":[{"embeddable":true,"href":"https:\/\/verityseguros.com\/index.php\/wp-json\/wp\/v2\/media\/1257"}],"wp:attachment":[{"href":"https:\/\/verityseguros.com\/index.php\/wp-json\/wp\/v2\/media?parent=1254"}],"curies":[{"name":"wp","href":"https:\/\/api.w.org\/{rel}","templated":true}]}}